{"id":22,"date":"2025-01-14T13:02:38","date_gmt":"2025-01-14T13:02:38","guid":{"rendered":"https:\/\/lacardumen.cl\/web\/service\/"},"modified":"2025-08-25T03:36:38","modified_gmt":"2025-08-25T03:36:38","slug":"service","status":"publish","type":"page","link":"https:\/\/lacardumen.cl\/web\/service\/","title":{"rendered":"Servicios"},"content":{"rendered":"\n\n\n\nNuestros Servicios\n\n\n\n\n\n\n\n<p>Nuestros servicios se adaptan a las necesidades de cada cliente e instituci\u00f3n, pero en general contamos con herramientas de diagn\u00f3stico, intervenci\u00f3n y evaluaci\u00f3n comunitaria que nos permiten adecuarnos a las necesidades espec\u00edficas de cada situaci\u00f3n.<br><br>Nuestras 3 grandes lineas de Servicios son las siguientes:<br><\/p>\n\n<p><br><\/p>\n\n<p><br><\/p>\n\n\n\n\n\n\nNuestra Experiencia\n\n\n\n\n\nCopropiedades, Comit\u00e9s, Organizaciones Sociales, etc.\n\n\n\n\nAniversario Comunal, Festivales, otros.\n\n\n\n\n\u201cUnidos por un Mejor Barrio\u201d, Estaci\u00f3n Central 2022.&nbsp;\n\n\n\n\n\n\nDise\u00f1o e implementaci\u00f3n de estrategias para abordar adecuadamente conflictos sociales.\n\n\n\n\nCopropiedades, Comit\u00e9s, Organizaciones Sociales, etc.\n\n\n\n\ndise\u00f1o de programas y pol\u00edticas institucionales para su organizaci\u00f3n\n\n\n\n\n\n\n\n\n\n\n","protected":false},"excerpt":{"rendered":"","protected":false},"author":1,"featured_media":0,"parent":0,"menu_order":0,"comment_status":"closed","ping_status":"closed","template":"","meta":{"_siteseo_robots_primary_cat":"","pagelayer_contact_templates":[],"_pagelayer_content":"","footnotes":""},"class_list":["post-22","page","type-page","status-publish","hentry"],"_links":{"self":[{"href":"https:\/\/lacardumen.cl\/web\/wp-json\/wp\/v2\/pages\/22","targetHints":{"allow":["GET"]}}],"collection":[{"href":"https:\/\/lacardumen.cl\/web\/wp-json\/wp\/v2\/pages"}],"about":[{"href":"https:\/\/lacardumen.cl\/web\/wp-json\/wp\/v2\/types\/page"}],"author":[{"embeddable":true,"href":"https:\/\/lacardumen.cl\/web\/wp-json\/wp\/v2\/users\/1"}],"replies":[{"embeddable":true,"href":"https:\/\/lacardumen.cl\/web\/wp-json\/wp\/v2\/comments?post=22"}],"version-history":[{"count":10,"href":"https:\/\/lacardumen.cl\/web\/wp-json\/wp\/v2\/pages\/22\/revisions"}],"predecessor-version":[{"id":214,"href":"https:\/\/lacardumen.cl\/web\/wp-json\/wp\/v2\/pages\/22\/revisions\/214"}],"wp:attachment":[{"href":"https:\/\/lacardumen.cl\/web\/wp-json\/wp\/v2\/media?parent=22"}],"curies":[{"name":"wp","href":"https:\/\/api.w.org\/{rel}","templated":true}]}}