{"id":23,"date":"2025-01-14T13:02:38","date_gmt":"2025-01-14T13:02:38","guid":{"rendered":"https:\/\/lacardumen.cl\/web\/about\/"},"modified":"2025-03-07T16:02:49","modified_gmt":"2025-03-07T16:02:49","slug":"nosotros","status":"publish","type":"page","link":"https:\/\/lacardumen.cl\/web\/nosotros\/","title":{"rendered":"Nosotros"},"content":{"rendered":"\n\n\n\nNosotros\n\n\n\n\n\n\n<p>Lorem Ipsum has been the industry&#8217;s standard dummy text ever since the 1500s.<\/p>\n\n\n\nSomos\n\n\n\n<p [object NamedNodeMap]>Somos una consultora social y comunitaria que pone el foco en analizar la realidades locales y construir una mirada compartida, con herramientas que permitan conocer las<br>comunidades, empoderarlas y transformarlas de forma fuerte, resiliente y transparente. <\/p>\n\n\n\n\n\n\nLo que hacemos\n\n\n\n<p style=\"text-align: center; font-size: 14px;\">Phasellus imperdiet lacinia nulla, malesuada semper nibh sodales quis, Duis viverra ipsum dictum. It is a long established fact that a reader will be distracted by the readable content of a page when looking at its layout.&nbsp;<\/p><br>\n\n\n\n\n\n\n<p><span style=\"font-size: 14px;\">Eu turpis egestas pretium aenean pharetra magna ac placerat vestibulum lorem ipsum doler sit a met. Turpis in eu mi bibendum neque egestas congue quisque.\u00a0<\/span><\/p>\n\n\n\n\n<p><span style=\"font-size: 14px;\">Eu turpis egestas pretium aenean pharetra magna ac placerat vestibulum lorem ipsum doler sit a met. Turpis in eu mi bibendum neque egestas congue quisque.\u00a0<\/span><\/p>\n\n\n\n\n<p><span style=\"font-size: 14px;\">Eu turpis egestas pretium aenean pharetra magna ac placerat vestibulum lorem ipsum doler sit a met. Turpis in eu mi bibendum neque egestas congue quisque.\u00a0<\/span><\/p>\n\n\n\n\n\n\n\n\n\n\n\n\n\n\n\n\n\n\n\n\n\n\n\n\nEquipo\n\n\n\n\n<p>Psic\u00f3logo, Ex Servicio Pa\u00eds y Jefe OOCC. 15 a\u00f1os de experiencia en proyectos sociocomunitarios en Chile y Latinoam\u00e9rica. <\/p>\n\n\n\n<p [object NamedNodeMap]>Experta en an\u00e1lisis de datos. Planificaci\u00f3n y evaluaci\u00f3n de proyectos.  <\/p>\n\n\n\n<p [object=\"\" namednodemap]=\"\">Ge\u00f3grafa UDEC. An\u00e1lisis socioespacial de datos. <\/p>\n\n\n\n\n\n<p [object NamedNodeMap]>Comunicaciones Corporativas.<\/p>\n\n\n\n<p>Cientista Pol\u00edtico, Master en Pol\u00edticas P\u00fablicas y Sociales de la Universitat Pompeu Fabra, experto en territorios\/ciudadanos inteligentes <\/p>\n\n\n\n<p [object NamedNodeMap]>\u00a0Duis viverra ipsum dictum.<\/p>\n\n\n\n\n\n","protected":false},"excerpt":{"rendered":"","protected":false},"author":1,"featured_media":0,"parent":0,"menu_order":0,"comment_status":"closed","ping_status":"closed","template":"","meta":{"_siteseo_robots_primary_cat":"","pagelayer_contact_templates":[],"_pagelayer_content":"","footnotes":""},"class_list":["post-23","page","type-page","status-publish","hentry"],"_links":{"self":[{"href":"https:\/\/lacardumen.cl\/web\/wp-json\/wp\/v2\/pages\/23","targetHints":{"allow":["GET"]}}],"collection":[{"href":"https:\/\/lacardumen.cl\/web\/wp-json\/wp\/v2\/pages"}],"about":[{"href":"https:\/\/lacardumen.cl\/web\/wp-json\/wp\/v2\/types\/page"}],"author":[{"embeddable":true,"href":"https:\/\/lacardumen.cl\/web\/wp-json\/wp\/v2\/users\/1"}],"replies":[{"embeddable":true,"href":"https:\/\/lacardumen.cl\/web\/wp-json\/wp\/v2\/comments?post=23"}],"version-history":[{"count":11,"href":"https:\/\/lacardumen.cl\/web\/wp-json\/wp\/v2\/pages\/23\/revisions"}],"predecessor-version":[{"id":176,"href":"https:\/\/lacardumen.cl\/web\/wp-json\/wp\/v2\/pages\/23\/revisions\/176"}],"wp:attachment":[{"href":"https:\/\/lacardumen.cl\/web\/wp-json\/wp\/v2\/media?parent=23"}],"curies":[{"name":"wp","href":"https:\/\/api.w.org\/{rel}","templated":true}]}}