{"id":54,"date":"2025-01-16T21:00:04","date_gmt":"2025-01-16T21:00:04","guid":{"rendered":"https:\/\/lacardumen.cl\/web\/?page_id=54"},"modified":"2025-04-20T13:58:48","modified_gmt":"2025-04-20T13:58:48","slug":"nuestro-modelo","status":"publish","type":"page","link":"https:\/\/lacardumen.cl\/web\/nuestro-modelo\/","title":{"rendered":"Nuestro Modelo"},"content":{"rendered":"\n\n\n<p><br><\/p>\n\n\n\n\n<h2>Nuestro Modelo<\/h2>\n<p style=\"margin-bottom: 10px; font-style: normal; font-variant-ligatures: normal; font-variant-caps: normal; font-weight: 400; font-size: medium;\">Nuestros principios se basan en respetar la acci\u00f3n colectiva de las organizaciones e instituciones, as\u00ed como reconocer no s\u00f3lo las problem\u00e1ticas impl\u00edcitas y expl\u00edcitas, sino que tambi\u00e9n visibilizar los recursos, expectativas y ofertas existentes en los diferentes territorios.<\/p><p><\/p><div pagelayer-id=\"nh8227\" class=\"p-nh8227 pagelayer-image\" style=\"font-style: normal; font-variant-ligatures: normal; font-variant-caps: normal; font-weight: 400; font-size: medium; font-family: Cabin, sans-serif; color: rgb(0, 0, 0);\"><\/div><p style=\"box-sizing: border-box; margin: 0px 0px 10px; padding: 0px; border: 0px; font-style: normal; font-variant-ligatures: normal; font-variant-caps: normal; font-variant-numeric: inherit; font-variant-east-asian: inherit; font-variant-alternates: inherit; font-variant-position: inherit; font-variant-emoji: inherit; font-weight: 400; font-stretch: inherit; font-size: medium; line-height: 24px; font-family: Cabin, sans-serif; font-optical-sizing: inherit; font-size-adjust: inherit; font-kerning: inherit; font-feature-settings: inherit; font-variation-settings: inherit; vertical-align: baseline; color: rgb(68, 68, 68); letter-spacing: normal; orphans: 2; text-align: start; text-indent: 0px; text-transform: none; widows: 2; word-spacing: 0px; -webkit-text-stroke-width: 0px; white-space: normal; background-color: rgb(255, 255, 255); text-decoration-thickness: initial; text-decoration-style: initial; text-decoration-color: initial;\">Este enfoque, que pone en el centro a la comunidad y sus recursos, nos ha permitido abordar adecuadamente diferentes conflictos de iniciativas privadas y p\u00fablicas en los territorios, permitiendo generar acuerdos y di\u00e1logos que generen procesos valorados por todas las partes.<\/p>\n<p>El modelo&nbsp; a partir de la Investigaci\u00f3n-Acci\u00f3n Participativa sintetiza m\u00e1s de 15 a\u00f1os de trabajo en terreno con comunidades organizadas y equipos municipales, recogiendo aprendizajes, tensiones y caminos posibles para una intervenci\u00f3n con sentido, arraigo territorial y enfoque colectivo.<\/p>\n\n\n\n{\u00abvisual\u00bb:false,\u00bblegacy\u00bb:false}\n\n\n\n\n\n\n<p>Fuente: Montenegro, Matias (2021).&nbsp;Propuesta de Intervenciones&nbsp;<span style=\"font-size: inherit; font-style: inherit; font-variant-ligatures: inherit; font-variant-caps: inherit; font-weight: inherit;\">Sociocomunitaria en Territorios:&nbsp;<\/span><span style=\"font-size: inherit; font-style: inherit; font-variant-ligatures: inherit; font-variant-caps: inherit; font-weight: inherit;\">20 herramientas pr\u00e1cticas y un modelo&nbsp;<\/span><span style=\"font-size: inherit; font-style: inherit; font-variant-ligatures: inherit; font-variant-caps: inherit; font-weight: inherit;\">para incidir desde la acci\u00f3n colectiva.&nbsp;<\/span><\/p>\n\n\n","protected":false},"excerpt":{"rendered":"","protected":false},"author":1,"featured_media":0,"parent":0,"menu_order":0,"comment_status":"closed","ping_status":"closed","template":"","meta":{"_siteseo_robots_primary_cat":"","pagelayer_contact_templates":[],"_pagelayer_content":"","footnotes":""},"class_list":["post-54","page","type-page","status-publish","hentry"],"_links":{"self":[{"href":"https:\/\/lacardumen.cl\/web\/wp-json\/wp\/v2\/pages\/54","targetHints":{"allow":["GET"]}}],"collection":[{"href":"https:\/\/lacardumen.cl\/web\/wp-json\/wp\/v2\/pages"}],"about":[{"href":"https:\/\/lacardumen.cl\/web\/wp-json\/wp\/v2\/types\/page"}],"author":[{"embeddable":true,"href":"https:\/\/lacardumen.cl\/web\/wp-json\/wp\/v2\/users\/1"}],"replies":[{"embeddable":true,"href":"https:\/\/lacardumen.cl\/web\/wp-json\/wp\/v2\/comments?post=54"}],"version-history":[{"count":6,"href":"https:\/\/lacardumen.cl\/web\/wp-json\/wp\/v2\/pages\/54\/revisions"}],"predecessor-version":[{"id":179,"href":"https:\/\/lacardumen.cl\/web\/wp-json\/wp\/v2\/pages\/54\/revisions\/179"}],"wp:attachment":[{"href":"https:\/\/lacardumen.cl\/web\/wp-json\/wp\/v2\/media?parent=54"}],"curies":[{"name":"wp","href":"https:\/\/api.w.org\/{rel}","templated":true}]}}