{"id":67,"date":"2025-01-17T05:20:13","date_gmt":"2025-01-17T05:20:13","guid":{"rendered":"https:\/\/lacardumen.cl\/web\/?page_id=67"},"modified":"2025-04-16T08:33:23","modified_gmt":"2025-04-16T08:33:23","slug":"recursos-gratuitos","status":"publish","type":"page","link":"https:\/\/lacardumen.cl\/web\/recursos-gratuitos\/","title":{"rendered":"Recursos Gratuitos \ud83c\udf1f"},"content":{"rendered":"\n\n\n\n\n<h2>Recursos Gratuitos \ud83c\udf1f<\/h2>\n<p style=\"margin-bottom: 10px; font-style: normal; font-variant-ligatures: normal; font-variant-caps: normal; font-weight: 400; font-size: medium; width: 1150px;\">En este espacio compartimos algunas metodolog\u00edas que creemos que pueden ser \u00fatiles para abordar problem\u00e1ticas p\u00fablicas en una localidad o sector. Simplemente haz click en los respectivos enlaces completa con tu correo y baja la informaci\u00f3n:<\/p><p style=\"margin-bottom: 10px; font-style: normal; font-variant-ligatures: normal; font-variant-caps: normal; font-weight: 400; font-size: medium; width: 1150px;\">\ud83d\udc49&nbsp;<a href=\"https:\/\/docs.google.com\/document\/d\/1PnOvfV7R7oM7804IDskhEyYkMIN4RfeN?rtpof=true&amp;usp=drive_fs\">Audiencia P\u00fablica Autoconvocada.<\/a><\/p><p style=\"margin-bottom: 10px; font-style: normal; font-variant-ligatures: normal; font-variant-caps: normal; font-weight: 400; font-size: medium; width: 1150px;\">\ud83d\udc49 <a href=\"https:\/\/drive.google.com\/file\/d\/13MUvqUNlDa4s5QFJIdXfAWSmaCiIT3PD\/view?usp=sharing\">Cabildo Ciudadano<\/a>.<\/p><p style=\"margin-bottom: 10px; width: 1150px; font-weight: 400; font-variant-caps: normal; font-variant-ligatures: normal; font-style: normal; font-size: medium;\">\ud83d\udc49&nbsp;<a href=\"https:\/\/docs.google.com\/document\/d\/1102t5gU8TlP4Px4yvtpxpW0PplSfPxqP\/edit?usp=sharing&amp;ouid=117936502141563673337&amp;rtpof=true&amp;sd=true\">Mesa de Trabajo<\/a>.&nbsp;<\/p>\n<p style=\"margin-bottom: 10px; width: 1150px; font-weight: 400; font-variant-caps: normal; font-variant-ligatures: normal; font-style: normal; font-size: medium;\"><a href=\"https:\/\/drive.google.com\/open?id=13Satkks8cUhRb3fCGxm_rvKpVYLs0SjX&amp;usp=drive_fs\" style=\"font-family: Cabin, sans-serif; font-size: medium; font-style: normal; font-variant-ligatures: normal; font-variant-caps: normal; font-weight: 400; background-color: rgb(255, 255, 255);\"><span style=\"color: rgb(68, 68, 68);\">\ud83d\udc49&nbsp;<\/span>Mapa de Actores<\/a>.&nbsp;<\/p>\n<p><span style=\"font-family: inherit; font-size: inherit; font-style: inherit; font-variant-ligatures: inherit; font-variant-caps: inherit; font-weight: inherit;\">\ud83d\udc49&nbsp;<\/span><a href=\"https:\/\/lookerstudio.google.com\/s\/gL5qp1SNMEg\" target=\"_blank\">Mapeo de Organizaciones Sociales de Chile (en Looker Studio con datos de junio 2024)<\/a><\/p>\n<p style=\"margin-bottom: 10px; font-style: normal; font-variant-ligatures: normal; font-variant-caps: normal; font-weight: 400; font-size: medium; width: 1150px;\">Adem\u00e1s, si eres dirigente de una organizaci\u00f3n social o comunitaria, te podemos brindar una asesor\u00eda gratuita de 30 minutos a trav\u00e9s de la marca personal&nbsp;<a href=\"https:\/\/linktr.ee\/matiascomunitario\" target=\"_blank\" rel=\"noreferrer noopener\">@MatiasComunitario<\/a><\/p>\n\n\n<div class=\"wp-block-image\">\n<figure class=\"aligncenter size-full is-resized\"><img loading=\"lazy\" decoding=\"async\" width=\"414\" height=\"651\" src=\"https:\/\/lacardumen.cl\/web\/wp-content\/uploads\/2025\/01\/Mockup-Bolsa.jpg\" alt=\"\" class=\"wp-image-82\" style=\"width:244px;height:auto\" srcset=\"https:\/\/lacardumen.cl\/web\/wp-content\/uploads\/2025\/01\/Mockup-Bolsa.jpg 414w, https:\/\/lacardumen.cl\/web\/wp-content\/uploads\/2025\/01\/Mockup-Bolsa-191x300.jpg 191w\" sizes=\"auto, (max-width: 414px) 100vw, 414px\" \/><\/figure>\n<\/div><p><br><\/p>\n\n\n","protected":false},"excerpt":{"rendered":"","protected":false},"author":1,"featured_media":0,"parent":0,"menu_order":0,"comment_status":"closed","ping_status":"closed","template":"","meta":{"_siteseo_robots_primary_cat":"","pagelayer_contact_templates":[],"_pagelayer_content":"","footnotes":""},"class_list":["post-67","page","type-page","status-publish","hentry"],"_links":{"self":[{"href":"https:\/\/lacardumen.cl\/web\/wp-json\/wp\/v2\/pages\/67","targetHints":{"allow":["GET"]}}],"collection":[{"href":"https:\/\/lacardumen.cl\/web\/wp-json\/wp\/v2\/pages"}],"about":[{"href":"https:\/\/lacardumen.cl\/web\/wp-json\/wp\/v2\/types\/page"}],"author":[{"embeddable":true,"href":"https:\/\/lacardumen.cl\/web\/wp-json\/wp\/v2\/users\/1"}],"replies":[{"embeddable":true,"href":"https:\/\/lacardumen.cl\/web\/wp-json\/wp\/v2\/comments?post=67"}],"version-history":[{"count":14,"href":"https:\/\/lacardumen.cl\/web\/wp-json\/wp\/v2\/pages\/67\/revisions"}],"predecessor-version":[{"id":178,"href":"https:\/\/lacardumen.cl\/web\/wp-json\/wp\/v2\/pages\/67\/revisions\/178"}],"wp:attachment":[{"href":"https:\/\/lacardumen.cl\/web\/wp-json\/wp\/v2\/media?parent=67"}],"curies":[{"name":"wp","href":"https:\/\/api.w.org\/{rel}","templated":true}]}}